{"id":9114,"date":"2025-09-24T15:58:54","date_gmt":"2025-09-24T15:58:54","guid":{"rendered":"https:\/\/hrundgunnsteinsdottir.com\/?page_id=9114"},"modified":"2026-01-29T15:17:33","modified_gmt":"2026-01-29T15:17:33","slug":"our-courses","status":"publish","type":"page","link":"https:\/\/hrundgunnsteinsdottir.com\/is\/our-courses\/","title":{"rendered":"N\u00e1mskei\u00f0"},"content":{"rendered":"\t\t<div data-elementor-type=\"wp-page\" data-elementor-id=\"9114\" class=\"elementor elementor-9114\" data-elementor-post-type=\"page\">\n\t\t\t\t<div class=\"elementor-element elementor-element-fa1548b e-flex e-con-boxed e-con e-parent\" data-id=\"fa1548b\" data-element_type=\"container\" data-e-type=\"container\">\n\t\t\t\t\t<div class=\"e-con-inner\">\n\t\t<div class=\"elementor-element elementor-element-2fea77b e-con-full e-flex e-con e-child\" data-id=\"2fea77b\" data-element_type=\"container\" data-e-type=\"container\" data-settings=\"{&quot;background_background&quot;:&quot;classic&quot;}\">\n\t\t\t\t<div class=\"elementor-element elementor-element-23f0fea elementor-widget elementor-widget-text-editor\" data-id=\"23f0fea\" data-element_type=\"widget\" data-e-type=\"widget\" data-widget_type=\"text-editor.default\">\n\t\t\t\t<div class=\"elementor-widget-container\">\n\t\t\t\t\t\t\t\t\t<div class=\"gmail_default\">The <strong>next<\/strong> InnS\u00e6i Signature Course runs again from <strong>September 2026<\/strong>.<\/div><div class=\"gmail_default\">Explore the full course descriptions, content, and structure by opening the courses below.<\/div><div class=\"gmail_default\">Put your name here to be the first to know when we open for registration.<\/div>\t\t\t\t\t\t\t\t<\/div>\n\t\t\t\t<\/div>\n\t\t\t\t<div class=\"elementor-element elementor-element-4ee63e6 elementor-align-left elementor-widget__width-inherit elementor-widget elementor-widget-button\" data-id=\"4ee63e6\" data-element_type=\"widget\" data-e-type=\"widget\" data-widget_type=\"button.default\">\n\t\t\t\t<div class=\"elementor-widget-container\">\n\t\t\t\t\t\t\t\t\t<div class=\"elementor-button-wrapper\">\n\t\t\t\t\t<a class=\"elementor-button elementor-button-link elementor-size-lg\" href=\"#elementor-action%3Aaction%3Dpopup%3Aopen%26settings%3DeyJpZCI6Ijk2NjgiLCJ0b2dnbGUiOmZhbHNlfQ%3D%3D\">\n\t\t\t\t\t\t<span class=\"elementor-button-content-wrapper\">\n\t\t\t\t\t\t\t\t\t<span class=\"elementor-button-text\">Get on the First-To-Know List<\/span>\n\t\t\t\t\t<\/span>\n\t\t\t\t\t<\/a>\n\t\t\t\t<\/div>\n\t\t\t\t\t\t\t\t<\/div>\n\t\t\t\t<\/div>\n\t\t\t\t<\/div>\n\t\t\t\t<div class=\"woocommerce elementor-element elementor-element-ea87ddc elementor-grid-3 elementor-grid-tablet-2 elementor-grid-mobile-1 elementor-widget elementor-widget-loop-grid\" data-id=\"ea87ddc\" data-element_type=\"widget\" data-e-type=\"widget\" data-settings=\"{&quot;template_id&quot;:&quot;8283&quot;,&quot;columns&quot;:3,&quot;pagination_type&quot;:&quot;numbers&quot;,&quot;_skin&quot;:&quot;product&quot;,&quot;columns_tablet&quot;:&quot;2&quot;,&quot;columns_mobile&quot;:&quot;1&quot;,&quot;edit_handle_selector&quot;:&quot;[data-elementor-type=\\&quot;loop-item\\&quot;]&quot;,&quot;pagination_load_type&quot;:&quot;page_reload&quot;,&quot;row_gap&quot;:{&quot;unit&quot;:&quot;px&quot;,&quot;size&quot;:&quot;&quot;,&quot;sizes&quot;:[]},&quot;row_gap_tablet&quot;:{&quot;unit&quot;:&quot;px&quot;,&quot;size&quot;:&quot;&quot;,&quot;sizes&quot;:[]},&quot;row_gap_mobile&quot;:{&quot;unit&quot;:&quot;px&quot;,&quot;size&quot;:&quot;&quot;,&quot;sizes&quot;:[]}}\" data-widget_type=\"loop-grid.product\">\n\t\t\t\t<div class=\"elementor-widget-container\">\n\t\t\t\t\t\t\t<div class=\"elementor-loop-container elementor-grid\" role=\"list\">\n\t\t<style id=\"loop-8283\">.elementor-8283 .elementor-element.elementor-element-904555c{--display:flex;--flex-direction:row;--container-widget-width:initial;--container-widget-height:100%;--container-widget-flex-grow:1;--container-widget-align-self:stretch;--flex-wrap-mobile:wrap;--gap:0px 0px;--row-gap:0px;--column-gap:0px;--flex-wrap:wrap;border-style:solid;--border-style:solid;border-width:2px 2px 2px 2px;--border-top-width:2px;--border-right-width:2px;--border-bottom-width:2px;--border-left-width:2px;border-color:var( --e-global-color-565968a );--border-color:var( --e-global-color-565968a );--margin-top:0px;--margin-bottom:0px;--margin-left:0px;--margin-right:0px;--padding-top:0em;--padding-bottom:0em;--padding-left:0em;--padding-right:0em;}.elementor-8283 .elementor-element.elementor-element-896b5a7{--display:flex;--flex-direction:column;--container-widget-width:100%;--container-widget-height:initial;--container-widget-flex-grow:0;--container-widget-align-self:initial;--flex-wrap-mobile:wrap;}.elementor-8283 .elementor-element.elementor-element-626e0c9 > .elementor-widget-container{margin:0px 0px 0px 0px;padding:0px 0px 0px 0px;}.elementor-8283 .elementor-element.elementor-element-885a05c{--display:flex;--flex-direction:column;--container-widget-width:100%;--container-widget-height:initial;--container-widget-flex-grow:0;--container-widget-align-self:initial;--flex-wrap-mobile:wrap;--gap:10px 10px;--row-gap:10px;--column-gap:10px;}.elementor-8283 .elementor-element.elementor-element-885a05c.e-con{--flex-grow:0;--flex-shrink:0;}.elementor-8283 .elementor-element.elementor-element-13e710a{text-align:start;}.elementor-8283 .elementor-element.elementor-element-13e710a .elementor-heading-title{font-family:\"Raleway\", Sans-serif;font-size:1.1em;font-weight:600;line-height:1.2em;}.elementor-8283 .elementor-element.elementor-element-13e710a > .elementor-widget-container{margin:0em 0em 01em 0em;padding:0em 0em 0em 0em;}.elementor-8283 .elementor-element.elementor-element-3077514 .elementor-button{font-family:\"noto-sans\", Sans-serif;font-size:1em;font-weight:300;line-height:1.6em;border-style:solid;border-width:1px 1px 1px 1px;}@media(min-width:768px){.elementor-8283 .elementor-element.elementor-element-896b5a7{--width:100%;}.elementor-8283 .elementor-element.elementor-element-885a05c{--width:100%;}}<\/style>\t\t<div data-elementor-type=\"loop-item\" data-elementor-id=\"8283\" class=\"elementor elementor-8283 e-loop-item e-loop-item-9803 post-9803 product type-product status-publish has-post-thumbnail product_cat-isl product_tag-innsaei first outofstock virtual sold-individually purchasable product-type-simple\" data-elementor-post-type=\"elementor_library\" data-custom-edit-handle=\"1\">\n\t\t\t<div class=\"elementor-element elementor-element-904555c e-flex e-con-boxed e-con e-parent\" data-id=\"904555c\" data-element_type=\"container\" data-e-type=\"container\">\n\t\t\t\t\t<div class=\"e-con-inner\">\n\t\t<div class=\"elementor-element elementor-element-896b5a7 e-con-full e-flex e-con e-child\" data-id=\"896b5a7\" data-element_type=\"container\" data-e-type=\"container\">\n\t\t\t\t<div class=\"elementor-element elementor-element-626e0c9 elementor-widget elementor-widget-theme-post-featured-image elementor-widget-image\" data-id=\"626e0c9\" data-element_type=\"widget\" data-e-type=\"widget\" data-widget_type=\"theme-post-featured-image.default\">\n\t\t\t\t<div class=\"elementor-widget-container\">\n\t\t\t\t\t\t\t\t\t\t\t\t\t\t\t<img fetchpriority=\"high\" decoding=\"async\" width=\"800\" height=\"450\" src=\"https:\/\/hrundgunnsteinsdottir.com\/wp-content\/uploads\/2025\/07\/2-1024x576.png\" class=\"attachment-large size-large wp-image-7640\" alt=\"27 lyklar a\u00f0 inns\u00e6i feature image\" srcset=\"https:\/\/hrundgunnsteinsdottir.com\/wp-content\/uploads\/2025\/07\/2-1024x576.png 1024w, https:\/\/hrundgunnsteinsdottir.com\/wp-content\/uploads\/2025\/07\/2-300x169.png 300w, https:\/\/hrundgunnsteinsdottir.com\/wp-content\/uploads\/2025\/07\/2-768x432.png 768w, https:\/\/hrundgunnsteinsdottir.com\/wp-content\/uploads\/2025\/07\/2-1536x864.png 1536w, https:\/\/hrundgunnsteinsdottir.com\/wp-content\/uploads\/2025\/07\/2-2048x1152.png 2048w, https:\/\/hrundgunnsteinsdottir.com\/wp-content\/uploads\/2025\/07\/2-600x338.png 600w\" sizes=\"(max-width: 800px) 100vw, 800px\" \/>\t\t\t\t\t\t\t\t\t\t\t\t\t\t\t<\/div>\n\t\t\t\t<\/div>\n\t\t\t\t<\/div>\n\t\t<div class=\"elementor-element elementor-element-885a05c e-con-full e-flex e-con e-child\" data-id=\"885a05c\" data-element_type=\"container\" data-e-type=\"container\" data-settings=\"{&quot;background_background&quot;:&quot;classic&quot;}\">\n\t\t\t\t<div class=\"elementor-element elementor-element-13e710a elementor-widget elementor-widget-theme-post-title elementor-page-title elementor-widget-heading\" data-id=\"13e710a\" data-element_type=\"widget\" data-e-type=\"widget\" data-widget_type=\"theme-post-title.default\">\n\t\t\t\t<div class=\"elementor-widget-container\">\n\t\t\t\t\t<h1 class=\"elementor-heading-title elementor-size-default\">InnS\u00e6i Signature N\u00e1mskei\u00f0i\u00f0 Jan 2026<\/h1>\t\t\t\t<\/div>\n\t\t\t\t<\/div>\n\t\t\t\t<div class=\"elementor-element elementor-element-3077514 elementor-align-right elementor-widget elementor-widget-button\" data-id=\"3077514\" data-element_type=\"widget\" data-e-type=\"widget\" data-widget_type=\"button.default\">\n\t\t\t\t<div class=\"elementor-widget-container\">\n\t\t\t\t\t\t\t\t\t<div class=\"elementor-button-wrapper\">\n\t\t\t\t\t<a class=\"elementor-button elementor-button-link elementor-size-lg\" href=\"https:\/\/hrundgunnsteinsdottir.com\/is\/product\/innsaei-signature-namskeidid-jan-2026\/\">\n\t\t\t\t\t\t<span class=\"elementor-button-content-wrapper\">\n\t\t\t\t\t\t\t\t\t<span class=\"elementor-button-text\">View Details<\/span>\n\t\t\t\t\t<\/span>\n\t\t\t\t\t<\/a>\n\t\t\t\t<\/div>\n\t\t\t\t\t\t\t\t<\/div>\n\t\t\t\t<\/div>\n\t\t\t\t<\/div>\n\t\t\t\t\t<\/div>\n\t\t\t\t<\/div>\n\t\t\t\t<\/div>\n\t\t\t\t<div data-elementor-type=\"loop-item\" data-elementor-id=\"8283\" class=\"elementor elementor-8283 e-loop-item e-loop-item-9801 post-9801 product type-product status-publish has-post-thumbnail product_cat-eng product_tag-innsaei  outofstock virtual sold-individually purchasable product-type-simple\" data-elementor-post-type=\"elementor_library\" data-custom-edit-handle=\"1\">\n\t\t\t<div class=\"elementor-element elementor-element-904555c e-flex e-con-boxed e-con e-parent\" data-id=\"904555c\" data-element_type=\"container\" data-e-type=\"container\">\n\t\t\t\t\t<div class=\"e-con-inner\">\n\t\t<div class=\"elementor-element elementor-element-896b5a7 e-con-full e-flex e-con e-child\" data-id=\"896b5a7\" data-element_type=\"container\" data-e-type=\"container\">\n\t\t\t\t<div class=\"elementor-element elementor-element-626e0c9 elementor-widget elementor-widget-theme-post-featured-image elementor-widget-image\" data-id=\"626e0c9\" data-element_type=\"widget\" data-e-type=\"widget\" data-widget_type=\"theme-post-featured-image.default\">\n\t\t\t\t<div class=\"elementor-widget-container\">\n\t\t\t\t\t\t\t\t\t\t\t\t\t\t\t<img decoding=\"async\" width=\"800\" height=\"450\" src=\"https:\/\/hrundgunnsteinsdottir.com\/wp-content\/uploads\/2025\/07\/3-copy-1024x576.png\" class=\"attachment-large size-large wp-image-7639\" alt=\"Innsaei Signature Course Feature image\" srcset=\"https:\/\/hrundgunnsteinsdottir.com\/wp-content\/uploads\/2025\/07\/3-copy-1024x576.png 1024w, https:\/\/hrundgunnsteinsdottir.com\/wp-content\/uploads\/2025\/07\/3-copy-300x169.png 300w, https:\/\/hrundgunnsteinsdottir.com\/wp-content\/uploads\/2025\/07\/3-copy-768x432.png 768w, https:\/\/hrundgunnsteinsdottir.com\/wp-content\/uploads\/2025\/07\/3-copy-1536x864.png 1536w, https:\/\/hrundgunnsteinsdottir.com\/wp-content\/uploads\/2025\/07\/3-copy-2048x1152.png 2048w, https:\/\/hrundgunnsteinsdottir.com\/wp-content\/uploads\/2025\/07\/3-copy-600x338.png 600w\" sizes=\"(max-width: 800px) 100vw, 800px\" \/>\t\t\t\t\t\t\t\t\t\t\t\t\t\t\t<\/div>\n\t\t\t\t<\/div>\n\t\t\t\t<\/div>\n\t\t<div class=\"elementor-element elementor-element-885a05c e-con-full e-flex e-con e-child\" data-id=\"885a05c\" data-element_type=\"container\" data-e-type=\"container\" data-settings=\"{&quot;background_background&quot;:&quot;classic&quot;}\">\n\t\t\t\t<div class=\"elementor-element elementor-element-13e710a elementor-widget elementor-widget-theme-post-title elementor-page-title elementor-widget-heading\" data-id=\"13e710a\" data-element_type=\"widget\" data-e-type=\"widget\" data-widget_type=\"theme-post-title.default\">\n\t\t\t\t<div class=\"elementor-widget-container\">\n\t\t\t\t\t<h1 class=\"elementor-heading-title elementor-size-default\">The Signature InnS\u00e6i Course Jan 2026<\/h1>\t\t\t\t<\/div>\n\t\t\t\t<\/div>\n\t\t\t\t<div class=\"elementor-element elementor-element-3077514 elementor-align-right elementor-widget elementor-widget-button\" data-id=\"3077514\" data-element_type=\"widget\" data-e-type=\"widget\" data-widget_type=\"button.default\">\n\t\t\t\t<div class=\"elementor-widget-container\">\n\t\t\t\t\t\t\t\t\t<div class=\"elementor-button-wrapper\">\n\t\t\t\t\t<a class=\"elementor-button elementor-button-link elementor-size-lg\" href=\"https:\/\/hrundgunnsteinsdottir.com\/is\/product\/the-signature-innsaei-course-jan-2026\/\">\n\t\t\t\t\t\t<span class=\"elementor-button-content-wrapper\">\n\t\t\t\t\t\t\t\t\t<span class=\"elementor-button-text\">View Details<\/span>\n\t\t\t\t\t<\/span>\n\t\t\t\t\t<\/a>\n\t\t\t\t<\/div>\n\t\t\t\t\t\t\t\t<\/div>\n\t\t\t\t<\/div>\n\t\t\t\t<\/div>\n\t\t\t\t\t<\/div>\n\t\t\t\t<\/div>\n\t\t\t\t<\/div>\n\t\t\t\t<\/div>\n\t\t\n\t\t\t\t\t\t<\/div>\n\t\t\t\t<\/div>\n\t\t\t\t\t<\/div>\n\t\t\t\t<\/div>\n\t\t<div class=\"elementor-element elementor-element-dd1e5ff e-flex e-con-boxed e-con e-parent\" data-id=\"dd1e5ff\" data-element_type=\"container\" data-e-type=\"container\">\n\t\t\t\t\t<div class=\"e-con-inner\">\n\t\t\t\t<div class=\"elementor-element elementor-element-d8530b5 elementor-widget elementor-widget-heading\" data-id=\"d8530b5\" data-element_type=\"widget\" data-e-type=\"widget\" data-widget_type=\"heading.default\">\n\t\t\t\t<div class=\"elementor-widget-container\">\n\t\t\t\t\t<h2 class=\"elementor-heading-title elementor-size-default\">Already part of an InnS\u00e6i Course?<\/h2>\t\t\t\t<\/div>\n\t\t\t\t<\/div>\n\t\t\t\t<div class=\"elementor-element elementor-element-02e7b50 elementor-align-center elementor-widget elementor-widget-button\" data-id=\"02e7b50\" data-element_type=\"widget\" data-e-type=\"widget\" data-widget_type=\"button.default\">\n\t\t\t\t<div class=\"elementor-widget-container\">\n\t\t\t\t\t\t\t\t\t<div class=\"elementor-button-wrapper\">\n\t\t\t\t\t<a class=\"elementor-button elementor-button-link elementor-size-lg\" href=\"https:\/\/hrundgunnsteinsdottir.com\/innsaei-overview\">\n\t\t\t\t\t\t<span class=\"elementor-button-content-wrapper\">\n\t\t\t\t\t\t\t\t\t<span class=\"elementor-button-text\">Go to your Course Overview<\/span>\n\t\t\t\t\t<\/span>\n\t\t\t\t\t<\/a>\n\t\t\t\t<\/div>\n\t\t\t\t\t\t\t\t<\/div>\n\t\t\t\t<\/div>\n\t\t\t\t\t<\/div>\n\t\t\t\t<\/div>\n\t\t\t\t<\/div>\n\t\t","protected":false},"excerpt":{"rendered":"<p>The next InnS\u00e6i Signature Course runs again from September 2026.Explore the full course descriptions, content, and structure by opening the courses below.Put your name here to be the first to know when we open for registration. Get on the First-To-Know List Already part of an InnS\u00e6i Course? Go to your Course Overview<\/p>","protected":false},"author":2,"featured_media":0,"parent":0,"menu_order":0,"comment_status":"closed","ping_status":"closed","template":"","meta":{"_acf_changed":false,"_monsterinsights_skip_tracking":false,"_monsterinsights_sitenote_active":false,"_monsterinsights_sitenote_note":"","_monsterinsights_sitenote_category":0,"footnotes":""},"class_list":["post-9114","page","type-page","status-publish","hentry"],"acf":[],"yoast_head":"<!-- This site is optimized with the Yoast SEO plugin v27.3 - https:\/\/yoast.com\/product\/yoast-seo-wordpress\/ -->\n<title>Our Courses | Hrund Gunnsteinsd\u00f3ttir<\/title>\n<meta name=\"robots\" content=\"index, follow, max-snippet:-1, max-image-preview:large, max-video-preview:-1\" \/>\n<link rel=\"canonical\" href=\"https:\/\/hrundgunnsteinsdottir.com\/is\/our-courses\/\" \/>\n<meta property=\"og:locale\" content=\"is_IS\" \/>\n<meta property=\"og:type\" content=\"article\" \/>\n<meta property=\"og:title\" content=\"Our Courses | Hrund Gunnsteinsd\u00f3ttir\" \/>\n<meta property=\"og:description\" content=\"The next InnS\u00e6i Signature Course runs again from September 2026.Explore the full course descriptions, content, and structure by opening the courses below.Put your name here to be the first to know when we open for registration. Get on the First-To-Know List Already part of an InnS\u00e6i Course? Go to your Course Overview\" \/>\n<meta property=\"og:url\" content=\"https:\/\/hrundgunnsteinsdottir.com\/is\/our-courses\/\" \/>\n<meta property=\"og:site_name\" content=\"Hrund Gunnsteinsd\u00f3ttir\" \/>\n<meta property=\"article:publisher\" content=\"https:\/\/www.facebook.com\/hrund.gunnsteinsdottir\" \/>\n<meta property=\"article:modified_time\" content=\"2026-01-29T15:17:33+00:00\" \/>\n<meta property=\"og:image\" content=\"https:\/\/hrundgunnsteinsdottir.com\/wp-content\/uploads\/2023\/12\/Hrund-Gunnsteinsdottir.jpg\" \/>\n\t<meta property=\"og:image:width\" content=\"1200\" \/>\n\t<meta property=\"og:image:height\" content=\"675\" \/>\n\t<meta property=\"og:image:type\" content=\"image\/jpeg\" \/>\n<meta name=\"twitter:card\" content=\"summary_large_image\" \/>\n<meta name=\"twitter:site\" content=\"@hrundgunnsteins\" \/>\n<meta name=\"twitter:label1\" content=\"Est. reading time\" \/>\n\t<meta name=\"twitter:data1\" content=\"2 minutes\" \/>\n<script type=\"application\/ld+json\" class=\"yoast-schema-graph\">{\"@context\":\"https:\\\/\\\/schema.org\",\"@graph\":[{\"@type\":\"WebPage\",\"@id\":\"https:\\\/\\\/hrundgunnsteinsdottir.com\\\/our-courses\\\/\",\"url\":\"https:\\\/\\\/hrundgunnsteinsdottir.com\\\/our-courses\\\/\",\"name\":\"Our Courses | Hrund Gunnsteinsd\u00f3ttir\",\"isPartOf\":{\"@id\":\"https:\\\/\\\/hrundgunnsteinsdottir.com\\\/#website\"},\"datePublished\":\"2025-09-24T15:58:54+00:00\",\"dateModified\":\"2026-01-29T15:17:33+00:00\",\"breadcrumb\":{\"@id\":\"https:\\\/\\\/hrundgunnsteinsdottir.com\\\/our-courses\\\/#breadcrumb\"},\"inLanguage\":\"is\",\"potentialAction\":[{\"@type\":\"ReadAction\",\"target\":[\"https:\\\/\\\/hrundgunnsteinsdottir.com\\\/our-courses\\\/\"]}]},{\"@type\":\"BreadcrumbList\",\"@id\":\"https:\\\/\\\/hrundgunnsteinsdottir.com\\\/our-courses\\\/#breadcrumb\",\"itemListElement\":[{\"@type\":\"ListItem\",\"position\":1,\"name\":\"Home\",\"item\":\"https:\\\/\\\/hrundgunnsteinsdottir.com\\\/\"},{\"@type\":\"ListItem\",\"position\":2,\"name\":\"Our Courses\"}]},{\"@type\":\"WebSite\",\"@id\":\"https:\\\/\\\/hrundgunnsteinsdottir.com\\\/#website\",\"url\":\"https:\\\/\\\/hrundgunnsteinsdottir.com\\\/\",\"name\":\"Hrund Gunnsteinsdottir\",\"description\":\"&quot;I bring together ideas and people across sectors, centuries and disciplines to inspire creative mindsets and constructive solutions&quot;\",\"publisher\":{\"@id\":\"https:\\\/\\\/hrundgunnsteinsdottir.com\\\/#organization\"},\"potentialAction\":[{\"@type\":\"SearchAction\",\"target\":{\"@type\":\"EntryPoint\",\"urlTemplate\":\"https:\\\/\\\/hrundgunnsteinsdottir.com\\\/?s={search_term_string}\"},\"query-input\":{\"@type\":\"PropertyValueSpecification\",\"valueRequired\":true,\"valueName\":\"search_term_string\"}}],\"inLanguage\":\"is\"},{\"@type\":\"Organization\",\"@id\":\"https:\\\/\\\/hrundgunnsteinsdottir.com\\\/#organization\",\"name\":\"Hrund Gunnsteinsdottir\",\"url\":\"https:\\\/\\\/hrundgunnsteinsdottir.com\\\/\",\"logo\":{\"@type\":\"ImageObject\",\"inLanguage\":\"is\",\"@id\":\"https:\\\/\\\/hrundgunnsteinsdottir.com\\\/#\\\/schema\\\/logo\\\/image\\\/\",\"url\":\"https:\\\/\\\/hrundgunnsteinsdottir.com\\\/wp-content\\\/uploads\\\/2023\\\/12\\\/Hrund-Gunnsteinsdottir.jpg\",\"contentUrl\":\"https:\\\/\\\/hrundgunnsteinsdottir.com\\\/wp-content\\\/uploads\\\/2023\\\/12\\\/Hrund-Gunnsteinsdottir.jpg\",\"width\":1200,\"height\":675,\"caption\":\"Hrund Gunnsteinsdottir\"},\"image\":{\"@id\":\"https:\\\/\\\/hrundgunnsteinsdottir.com\\\/#\\\/schema\\\/logo\\\/image\\\/\"},\"sameAs\":[\"https:\\\/\\\/www.facebook.com\\\/hrund.gunnsteinsdottir\",\"https:\\\/\\\/x.com\\\/hrundgunnsteins\",\"https:\\\/\\\/www.instagram.com\\\/hrundgunnsteinsdottir\\\/\",\"https:\\\/\\\/www.linkedin.com\\\/in\\\/hrund-gunnsteinsdottir-43b3b32a\\\/\"]}]}<\/script>\n<!-- \/ Yoast SEO plugin. -->","yoast_head_json":{"title":"Our Courses | Hrund Gunnsteinsd\u00f3ttir","robots":{"index":"index","follow":"follow","max-snippet":"max-snippet:-1","max-image-preview":"max-image-preview:large","max-video-preview":"max-video-preview:-1"},"canonical":"https:\/\/hrundgunnsteinsdottir.com\/is\/our-courses\/","og_locale":"is_IS","og_type":"article","og_title":"Our Courses | Hrund Gunnsteinsd\u00f3ttir","og_description":"The next InnS\u00e6i Signature Course runs again from September 2026.Explore the full course descriptions, content, and structure by opening the courses below.Put your name here to be the first to know when we open for registration. Get on the First-To-Know List Already part of an InnS\u00e6i Course? Go to your Course Overview","og_url":"https:\/\/hrundgunnsteinsdottir.com\/is\/our-courses\/","og_site_name":"Hrund Gunnsteinsd\u00f3ttir","article_publisher":"https:\/\/www.facebook.com\/hrund.gunnsteinsdottir","article_modified_time":"2026-01-29T15:17:33+00:00","og_image":[{"width":1200,"height":675,"url":"https:\/\/hrundgunnsteinsdottir.com\/wp-content\/uploads\/2023\/12\/Hrund-Gunnsteinsdottir.jpg","type":"image\/jpeg"}],"twitter_card":"summary_large_image","twitter_site":"@hrundgunnsteins","twitter_misc":{"Est. reading time":"2 minutes"},"schema":{"@context":"https:\/\/schema.org","@graph":[{"@type":"WebPage","@id":"https:\/\/hrundgunnsteinsdottir.com\/our-courses\/","url":"https:\/\/hrundgunnsteinsdottir.com\/our-courses\/","name":"Our Courses | Hrund Gunnsteinsd\u00f3ttir","isPartOf":{"@id":"https:\/\/hrundgunnsteinsdottir.com\/#website"},"datePublished":"2025-09-24T15:58:54+00:00","dateModified":"2026-01-29T15:17:33+00:00","breadcrumb":{"@id":"https:\/\/hrundgunnsteinsdottir.com\/our-courses\/#breadcrumb"},"inLanguage":"is","potentialAction":[{"@type":"ReadAction","target":["https:\/\/hrundgunnsteinsdottir.com\/our-courses\/"]}]},{"@type":"BreadcrumbList","@id":"https:\/\/hrundgunnsteinsdottir.com\/our-courses\/#breadcrumb","itemListElement":[{"@type":"ListItem","position":1,"name":"Home","item":"https:\/\/hrundgunnsteinsdottir.com\/"},{"@type":"ListItem","position":2,"name":"Our Courses"}]},{"@type":"WebSite","@id":"https:\/\/hrundgunnsteinsdottir.com\/#website","url":"https:\/\/hrundgunnsteinsdottir.com\/","name":"Hrund Gunnsteinsdottir","description":"&quot;I bring together ideas and people across sectors, centuries and disciplines to inspire creative mindsets and constructive solutions&quot;","publisher":{"@id":"https:\/\/hrundgunnsteinsdottir.com\/#organization"},"potentialAction":[{"@type":"SearchAction","target":{"@type":"EntryPoint","urlTemplate":"https:\/\/hrundgunnsteinsdottir.com\/?s={search_term_string}"},"query-input":{"@type":"PropertyValueSpecification","valueRequired":true,"valueName":"search_term_string"}}],"inLanguage":"is"},{"@type":"Organization","@id":"https:\/\/hrundgunnsteinsdottir.com\/#organization","name":"Hrund Gunnsteinsdottir","url":"https:\/\/hrundgunnsteinsdottir.com\/","logo":{"@type":"ImageObject","inLanguage":"is","@id":"https:\/\/hrundgunnsteinsdottir.com\/#\/schema\/logo\/image\/","url":"https:\/\/hrundgunnsteinsdottir.com\/wp-content\/uploads\/2023\/12\/Hrund-Gunnsteinsdottir.jpg","contentUrl":"https:\/\/hrundgunnsteinsdottir.com\/wp-content\/uploads\/2023\/12\/Hrund-Gunnsteinsdottir.jpg","width":1200,"height":675,"caption":"Hrund Gunnsteinsdottir"},"image":{"@id":"https:\/\/hrundgunnsteinsdottir.com\/#\/schema\/logo\/image\/"},"sameAs":["https:\/\/www.facebook.com\/hrund.gunnsteinsdottir","https:\/\/x.com\/hrundgunnsteins","https:\/\/www.instagram.com\/hrundgunnsteinsdottir\/","https:\/\/www.linkedin.com\/in\/hrund-gunnsteinsdottir-43b3b32a\/"]}]}},"_links":{"self":[{"href":"https:\/\/hrundgunnsteinsdottir.com\/is\/wp-json\/wp\/v2\/pages\/9114","targetHints":{"allow":["GET"]}}],"collection":[{"href":"https:\/\/hrundgunnsteinsdottir.com\/is\/wp-json\/wp\/v2\/pages"}],"about":[{"href":"https:\/\/hrundgunnsteinsdottir.com\/is\/wp-json\/wp\/v2\/types\/page"}],"author":[{"embeddable":true,"href":"https:\/\/hrundgunnsteinsdottir.com\/is\/wp-json\/wp\/v2\/users\/2"}],"replies":[{"embeddable":true,"href":"https:\/\/hrundgunnsteinsdottir.com\/is\/wp-json\/wp\/v2\/comments?post=9114"}],"version-history":[{"count":28,"href":"https:\/\/hrundgunnsteinsdottir.com\/is\/wp-json\/wp\/v2\/pages\/9114\/revisions"}],"predecessor-version":[{"id":10212,"href":"https:\/\/hrundgunnsteinsdottir.com\/is\/wp-json\/wp\/v2\/pages\/9114\/revisions\/10212"}],"wp:attachment":[{"href":"https:\/\/hrundgunnsteinsdottir.com\/is\/wp-json\/wp\/v2\/media?parent=9114"}],"curies":[{"name":"wp","href":"https:\/\/api.w.org\/{rel}","templated":true}]}}